{"id":482,"date":"2017-01-31T09:56:28","date_gmt":"2017-01-31T09:56:28","guid":{"rendered":"https:\/\/maloneyserv.com\/?page_id=482\/"},"modified":"2017-02-01T10:13:44","modified_gmt":"2017-02-01T10:13:44","slug":"about-maloney","status":"publish","type":"page","link":"https:\/\/maloneyserv.com\/es\/about-maloney\/","title":{"rendered":"Sobre Maloney"},"content":{"rendered":"<blockquote><p>\u00abMaloney\u2019s singular drive is to provide the industry\u2019s premier service&#8230;\u00bb &#8211; Robert F. Maloney<\/p><\/blockquote>\n<div class=\"about_content\">\n<h2>QUIENES SOMOS<\/h2>\n<p>Maloney Commodity Services es una compa\u00f1\u00eda internacional de supervisi\u00f3n de carga, inspecci\u00f3n, auditor\u00eda, y certificaci\u00f3n que desde 1975 se ha dedicado a reducir los riesgos financieros que enfrentan nuestros clientes cuando mueven, almacenan, y colaterizan mercanc\u00edas en el mundo entero.<\/p>\n<h2>QUE HACEMOS<\/h2>\n<p>Como una organizaci\u00f3n acreditada en las normas del ISO 9001:2008 y con membres\u00eda en las principales asociaciones de la industria, proveemos servicios de superintendencia de carga, auditoria, y certificaci\u00f3n en conformidad con los est\u00e1ndares m\u00e1s altos y mejores pr\u00e1cticas de la industria.<\/p>\n<h2>NUESTRA REPUTACI\u00d3N<\/h2>\n<p>Integridad, competencia, e independencia son la base de nuestra reputaci\u00f3n.  Es los que llevamos al campo todos los d\u00edas y lo que pueden esperar consistentemente de Maloney cuando depositan la confianza en nuestros servicios alrededor del mundo.<\/p>\n<\/div>\n","protected":false},"excerpt":{"rendered":"<p>\u00abMaloney\u2019s singular drive is to provide the industry\u2019s premier service&#8230;\u00bb &#8211; Robert F. Maloney QUIENES SOMOS Maloney Commodity Services es una compa\u00f1\u00eda internacional de supervisi\u00f3n de carga, inspecci\u00f3n, auditor\u00eda, y certificaci\u00f3n que desde 1975 se ha dedicado a reducir los riesgos financieros que enfrentan nuestros clientes cuando mueven, almacenan, y&#8230;<\/p>\n","protected":false},"author":1,"featured_media":399,"parent":0,"menu_order":0,"comment_status":"closed","ping_status":"closed","template":"","meta":{"jetpack_post_was_ever_published":false,"footnotes":""},"class_list":["post-482","page","type-page","status-publish","has-post-thumbnail","hentry","entry"],"yoast_head":"<!-- This site is optimized with the Yoast SEO plugin v27.5 - https:\/\/yoast.com\/product\/yoast-seo-wordpress\/ -->\n<title>Sobre Maloney - Maloney<\/title>\n<meta name=\"robots\" content=\"index, follow, max-snippet:-1, max-image-preview:large, max-video-preview:-1\" \/>\n<link rel=\"canonical\" href=\"https:\/\/maloneyserv.com\/es\/about-maloney\/\" \/>\n<meta property=\"og:locale\" content=\"es_ES\" \/>\n<meta property=\"og:type\" content=\"article\" \/>\n<meta property=\"og:title\" content=\"Sobre Maloney - Maloney\" \/>\n<meta property=\"og:description\" content=\"\u00abMaloney\u2019s singular drive is to provide the industry\u2019s premier service&#8230;\u00bb &#8211; Robert F. Maloney QUIENES SOMOS Maloney Commodity Services es una compa\u00f1\u00eda internacional de supervisi\u00f3n de carga, inspecci\u00f3n, auditor\u00eda, y certificaci\u00f3n que desde 1975 se ha dedicado a reducir los riesgos financieros que enfrentan nuestros clientes cuando mueven, almacenan, y...\" \/>\n<meta property=\"og:url\" content=\"https:\/\/maloneyserv.com\/es\/about-maloney\/\" \/>\n<meta property=\"og:site_name\" content=\"Maloney\" \/>\n<meta property=\"article:modified_time\" content=\"2017-02-01T10:13:44+00:00\" \/>\n<meta property=\"og:image\" content=\"https:\/\/maloneyserv.com\/wp-content\/uploads\/2017\/01\/backgroundmexicoskyline.jpg\" \/>\n\t<meta property=\"og:image:width\" content=\"1515\" \/>\n\t<meta property=\"og:image:height\" content=\"602\" \/>\n\t<meta property=\"og:image:type\" content=\"image\/jpeg\" \/>\n<meta name=\"twitter:card\" content=\"summary_large_image\" \/>\n<meta name=\"twitter:label1\" content=\"Tiempo de lectura\" \/>\n\t<meta name=\"twitter:data1\" content=\"1 minuto\" \/>\n<script type=\"application\/ld+json\" class=\"yoast-schema-graph\">{\"@context\":\"https:\\\/\\\/schema.org\",\"@graph\":[{\"@type\":\"WebPage\",\"@id\":\"https:\\\/\\\/maloneyserv.com\\\/es\\\/about-maloney\\\/\",\"url\":\"https:\\\/\\\/maloneyserv.com\\\/es\\\/about-maloney\\\/\",\"name\":\"Sobre Maloney - Maloney\",\"isPartOf\":{\"@id\":\"https:\\\/\\\/maloneyserv.com\\\/#website\"},\"primaryImageOfPage\":{\"@id\":\"https:\\\/\\\/maloneyserv.com\\\/es\\\/about-maloney\\\/#primaryimage\"},\"image\":{\"@id\":\"https:\\\/\\\/maloneyserv.com\\\/es\\\/about-maloney\\\/#primaryimage\"},\"thumbnailUrl\":\"https:\\\/\\\/maloneyserv.com\\\/wp-content\\\/uploads\\\/2017\\\/01\\\/backgroundmexicoskyline.jpg\",\"datePublished\":\"2017-01-31T09:56:28+00:00\",\"dateModified\":\"2017-02-01T10:13:44+00:00\",\"breadcrumb\":{\"@id\":\"https:\\\/\\\/maloneyserv.com\\\/es\\\/about-maloney\\\/#breadcrumb\"},\"inLanguage\":\"es\",\"potentialAction\":[{\"@type\":\"ReadAction\",\"target\":[\"https:\\\/\\\/maloneyserv.com\\\/es\\\/about-maloney\\\/\"]}]},{\"@type\":\"ImageObject\",\"inLanguage\":\"es\",\"@id\":\"https:\\\/\\\/maloneyserv.com\\\/es\\\/about-maloney\\\/#primaryimage\",\"url\":\"https:\\\/\\\/maloneyserv.com\\\/wp-content\\\/uploads\\\/2017\\\/01\\\/backgroundmexicoskyline.jpg\",\"contentUrl\":\"https:\\\/\\\/maloneyserv.com\\\/wp-content\\\/uploads\\\/2017\\\/01\\\/backgroundmexicoskyline.jpg\",\"width\":1515,\"height\":602},{\"@type\":\"BreadcrumbList\",\"@id\":\"https:\\\/\\\/maloneyserv.com\\\/es\\\/about-maloney\\\/#breadcrumb\",\"itemListElement\":[{\"@type\":\"ListItem\",\"position\":1,\"name\":\"Home\",\"item\":\"https:\\\/\\\/maloneyserv.com\\\/es\\\/\"},{\"@type\":\"ListItem\",\"position\":2,\"name\":\"Sobre Maloney\"}]},{\"@type\":\"WebSite\",\"@id\":\"https:\\\/\\\/maloneyserv.com\\\/#website\",\"url\":\"https:\\\/\\\/maloneyserv.com\\\/\",\"name\":\"Maloney\",\"description\":\"\",\"potentialAction\":[{\"@type\":\"SearchAction\",\"target\":{\"@type\":\"EntryPoint\",\"urlTemplate\":\"https:\\\/\\\/maloneyserv.com\\\/?s={search_term_string}\"},\"query-input\":{\"@type\":\"PropertyValueSpecification\",\"valueRequired\":true,\"valueName\":\"search_term_string\"}}],\"inLanguage\":\"es\"}]}<\/script>\n<!-- \/ Yoast SEO plugin. -->","yoast_head_json":{"title":"Sobre Maloney - Maloney","robots":{"index":"index","follow":"follow","max-snippet":"max-snippet:-1","max-image-preview":"max-image-preview:large","max-video-preview":"max-video-preview:-1"},"canonical":"https:\/\/maloneyserv.com\/es\/about-maloney\/","og_locale":"es_ES","og_type":"article","og_title":"Sobre Maloney - Maloney","og_description":"\u00abMaloney\u2019s singular drive is to provide the industry\u2019s premier service&#8230;\u00bb &#8211; Robert F. Maloney QUIENES SOMOS Maloney Commodity Services es una compa\u00f1\u00eda internacional de supervisi\u00f3n de carga, inspecci\u00f3n, auditor\u00eda, y certificaci\u00f3n que desde 1975 se ha dedicado a reducir los riesgos financieros que enfrentan nuestros clientes cuando mueven, almacenan, y...","og_url":"https:\/\/maloneyserv.com\/es\/about-maloney\/","og_site_name":"Maloney","article_modified_time":"2017-02-01T10:13:44+00:00","og_image":[{"width":1515,"height":602,"url":"https:\/\/maloneyserv.com\/wp-content\/uploads\/2017\/01\/backgroundmexicoskyline.jpg","type":"image\/jpeg"}],"twitter_card":"summary_large_image","twitter_misc":{"Tiempo de lectura":"1 minuto"},"schema":{"@context":"https:\/\/schema.org","@graph":[{"@type":"WebPage","@id":"https:\/\/maloneyserv.com\/es\/about-maloney\/","url":"https:\/\/maloneyserv.com\/es\/about-maloney\/","name":"Sobre Maloney - Maloney","isPartOf":{"@id":"https:\/\/maloneyserv.com\/#website"},"primaryImageOfPage":{"@id":"https:\/\/maloneyserv.com\/es\/about-maloney\/#primaryimage"},"image":{"@id":"https:\/\/maloneyserv.com\/es\/about-maloney\/#primaryimage"},"thumbnailUrl":"https:\/\/maloneyserv.com\/wp-content\/uploads\/2017\/01\/backgroundmexicoskyline.jpg","datePublished":"2017-01-31T09:56:28+00:00","dateModified":"2017-02-01T10:13:44+00:00","breadcrumb":{"@id":"https:\/\/maloneyserv.com\/es\/about-maloney\/#breadcrumb"},"inLanguage":"es","potentialAction":[{"@type":"ReadAction","target":["https:\/\/maloneyserv.com\/es\/about-maloney\/"]}]},{"@type":"ImageObject","inLanguage":"es","@id":"https:\/\/maloneyserv.com\/es\/about-maloney\/#primaryimage","url":"https:\/\/maloneyserv.com\/wp-content\/uploads\/2017\/01\/backgroundmexicoskyline.jpg","contentUrl":"https:\/\/maloneyserv.com\/wp-content\/uploads\/2017\/01\/backgroundmexicoskyline.jpg","width":1515,"height":602},{"@type":"BreadcrumbList","@id":"https:\/\/maloneyserv.com\/es\/about-maloney\/#breadcrumb","itemListElement":[{"@type":"ListItem","position":1,"name":"Home","item":"https:\/\/maloneyserv.com\/es\/"},{"@type":"ListItem","position":2,"name":"Sobre Maloney"}]},{"@type":"WebSite","@id":"https:\/\/maloneyserv.com\/#website","url":"https:\/\/maloneyserv.com\/","name":"Maloney","description":"","potentialAction":[{"@type":"SearchAction","target":{"@type":"EntryPoint","urlTemplate":"https:\/\/maloneyserv.com\/?s={search_term_string}"},"query-input":{"@type":"PropertyValueSpecification","valueRequired":true,"valueName":"search_term_string"}}],"inLanguage":"es"}]}},"jetpack_sharing_enabled":true,"jetpack_shortlink":"https:\/\/wp.me\/P8frSQ-7M","_links":{"self":[{"href":"https:\/\/maloneyserv.com\/es\/wp-json\/wp\/v2\/pages\/482","targetHints":{"allow":["GET"]}}],"collection":[{"href":"https:\/\/maloneyserv.com\/es\/wp-json\/wp\/v2\/pages"}],"about":[{"href":"https:\/\/maloneyserv.com\/es\/wp-json\/wp\/v2\/types\/page"}],"author":[{"embeddable":true,"href":"https:\/\/maloneyserv.com\/es\/wp-json\/wp\/v2\/users\/1"}],"replies":[{"embeddable":true,"href":"https:\/\/maloneyserv.com\/es\/wp-json\/wp\/v2\/comments?post=482"}],"version-history":[{"count":3,"href":"https:\/\/maloneyserv.com\/es\/wp-json\/wp\/v2\/pages\/482\/revisions"}],"predecessor-version":[{"id":517,"href":"https:\/\/maloneyserv.com\/es\/wp-json\/wp\/v2\/pages\/482\/revisions\/517"}],"wp:featuredmedia":[{"embeddable":true,"href":"https:\/\/maloneyserv.com\/es\/wp-json\/wp\/v2\/media\/399"}],"wp:attachment":[{"href":"https:\/\/maloneyserv.com\/es\/wp-json\/wp\/v2\/media?parent=482"}],"curies":[{"name":"wp","href":"https:\/\/api.w.org\/{rel}","templated":true}]}}