{"id":480,"date":"2016-12-27T06:46:04","date_gmt":"2016-12-27T06:46:04","guid":{"rendered":"https:\/\/maloneyserv.com\/?page_id=480\/"},"modified":"2017-02-03T05:17:57","modified_gmt":"2017-02-03T05:17:57","slug":"company-history","status":"publish","type":"page","link":"https:\/\/maloneyserv.com\/es\/company-history\/","title":{"rendered":"Historia de la Compa\u00f1\u00eda"},"content":{"rendered":"\n<table id=\"tablepress-2\" class=\"tablepress tablepress-id-2\">\n<tbody class=\"row-striping row-hover\">\n<tr class=\"row-1\">\n\t<td class=\"column-1\">1961<\/td><td class=\"column-2\">Martin J. Maloney entra a la industria de inspecci\u00f3n y certificaci\u00f3n de productos. <\/td>\n<\/tr>\n<tr class=\"row-2\">\n\t<td class=\"column-1\">1975<\/td><td class=\"column-2\">Maloney Commodity Services se incorpora en el estado de Nueva York. <\/td>\n<\/tr>\n<tr class=\"row-3\">\n\t<td class=\"column-1\">1980<\/td><td class=\"column-2\">Primera supervisi\u00f3n de carga en puerto internacional (Recife, Brasil)<\/td>\n<\/tr>\n<tr class=\"row-4\">\n\t<td class=\"column-1\">1983<\/td><td class=\"column-2\">Formaci\u00f3n de filial \u2013 Dominican Republic Inspection Company<\/td>\n<\/tr>\n<tr class=\"row-5\">\n\t<td class=\"column-1\">1989<\/td><td class=\"column-2\">Robert F. Maloney nombrado como Presidente<\/td>\n<\/tr>\n<tr class=\"row-6\">\n\t<td class=\"column-1\">1998<\/td><td class=\"column-2\">Maloney Commodity Services recibe su acreditaci\u00f3n ISO 9001 de Lloyds Register of London<\/td>\n<\/tr>\n<tr class=\"row-7\">\n\t<td class=\"column-1\">1999<\/td><td class=\"column-2\">Formaci\u00f3n de filial \u2013 Maloney Commodity Services de M\u00e9xico S de RL de CV<\/td>\n<\/tr>\n<tr class=\"row-8\">\n\t<td class=\"column-1\">2004<\/td><td class=\"column-2\">Formaci\u00f3n de filial \u2013 Maloney Commodity Services do Brasil Inspe\u00e7\u00f5es LTDA<\/td>\n<\/tr>\n<tr class=\"row-9\">\n\t<td class=\"column-1\">2005<\/td><td class=\"column-2\">Laboratorio de az\u00facar y etanol de Maloney establecido en Santos, Brasil<\/td>\n<\/tr>\n<tr class=\"row-10\">\n\t<td class=\"column-1\">2014<\/td><td class=\"column-2\">Maloney Commodity Services supervisa la carga de 106,000 TM de az\u00facar crudo a granel en el barco M\/V UBC Ottawa en Santos, Brasil, seguido por la carga de otras 97,000 TM abordo del M\/V Jimei Shunhao \u2013 ambos con destino Dubai, EAU.  Esos barcos hicieron historia por llevar una cantidad record de az\u00facar, siendo las cargas m\u00e1s grandes de az\u00facar<\/td>\n<\/tr>\n<tr class=\"row-11\">\n\t<td class=\"column-1\">2015<\/td><td class=\"column-2\">Formaci\u00f3n de filial \u2013 Maloney Commodity Services de Colombia<\/td>\n<\/tr>\n<tr class=\"row-12\">\n\t<td class=\"column-1\">2016<\/td><td class=\"column-2\">Maloney supervisa la primera entrega a la bolsa LIFFE 407 en Acajutla, El Salvador<\/td>\n<\/tr>\n<\/tbody>\n<\/table>\n<!-- #tablepress-2 from cache -->\n<div class=\"history\"><\/div>\n","protected":false},"excerpt":{"rendered":"","protected":false},"author":1,"featured_media":255,"parent":0,"menu_order":0,"comment_status":"closed","ping_status":"closed","template":"page-companyhistory.php","meta":{"jetpack_post_was_ever_published":false,"footnotes":""},"class_list":["post-480","page","type-page","status-publish","has-post-thumbnail","hentry","entry"],"yoast_head":"<!-- This site is optimized with the Yoast SEO plugin v27.5 - https:\/\/yoast.com\/product\/yoast-seo-wordpress\/ -->\n<title>Historia de la Compa\u00f1\u00eda - Maloney<\/title>\n<meta name=\"robots\" content=\"index, follow, max-snippet:-1, max-image-preview:large, max-video-preview:-1\" \/>\n<link rel=\"canonical\" href=\"https:\/\/maloneyserv.com\/es\/company-history\/\" \/>\n<meta property=\"og:locale\" content=\"es_ES\" \/>\n<meta property=\"og:type\" content=\"article\" \/>\n<meta property=\"og:title\" content=\"Historia de la Compa\u00f1\u00eda - Maloney\" \/>\n<meta property=\"og:url\" content=\"https:\/\/maloneyserv.com\/es\/company-history\/\" \/>\n<meta property=\"og:site_name\" content=\"Maloney\" \/>\n<meta property=\"article:modified_time\" content=\"2017-02-03T05:17:57+00:00\" \/>\n<meta property=\"og:image\" content=\"https:\/\/maloneyserv.com\/wp-content\/uploads\/2016\/12\/bakgroundgrainsilo.jpg\" \/>\n\t<meta property=\"og:image:width\" content=\"1600\" \/>\n\t<meta property=\"og:image:height\" content=\"650\" \/>\n\t<meta property=\"og:image:type\" content=\"image\/jpeg\" \/>\n<meta name=\"twitter:card\" content=\"summary_large_image\" \/>\n<script type=\"application\/ld+json\" class=\"yoast-schema-graph\">{\"@context\":\"https:\\\/\\\/schema.org\",\"@graph\":[{\"@type\":\"WebPage\",\"@id\":\"https:\\\/\\\/maloneyserv.com\\\/es\\\/company-history\\\/\",\"url\":\"https:\\\/\\\/maloneyserv.com\\\/es\\\/company-history\\\/\",\"name\":\"Historia de la Compa\u00f1\u00eda - Maloney\",\"isPartOf\":{\"@id\":\"https:\\\/\\\/maloneyserv.com\\\/#website\"},\"primaryImageOfPage\":{\"@id\":\"https:\\\/\\\/maloneyserv.com\\\/es\\\/company-history\\\/#primaryimage\"},\"image\":{\"@id\":\"https:\\\/\\\/maloneyserv.com\\\/es\\\/company-history\\\/#primaryimage\"},\"thumbnailUrl\":\"https:\\\/\\\/maloneyserv.com\\\/wp-content\\\/uploads\\\/2016\\\/12\\\/bakgroundgrainsilo.jpg\",\"datePublished\":\"2016-12-27T06:46:04+00:00\",\"dateModified\":\"2017-02-03T05:17:57+00:00\",\"breadcrumb\":{\"@id\":\"https:\\\/\\\/maloneyserv.com\\\/es\\\/company-history\\\/#breadcrumb\"},\"inLanguage\":\"es\",\"potentialAction\":[{\"@type\":\"ReadAction\",\"target\":[\"https:\\\/\\\/maloneyserv.com\\\/es\\\/company-history\\\/\"]}]},{\"@type\":\"ImageObject\",\"inLanguage\":\"es\",\"@id\":\"https:\\\/\\\/maloneyserv.com\\\/es\\\/company-history\\\/#primaryimage\",\"url\":\"https:\\\/\\\/maloneyserv.com\\\/wp-content\\\/uploads\\\/2016\\\/12\\\/bakgroundgrainsilo.jpg\",\"contentUrl\":\"https:\\\/\\\/maloneyserv.com\\\/wp-content\\\/uploads\\\/2016\\\/12\\\/bakgroundgrainsilo.jpg\",\"width\":1600,\"height\":650},{\"@type\":\"BreadcrumbList\",\"@id\":\"https:\\\/\\\/maloneyserv.com\\\/es\\\/company-history\\\/#breadcrumb\",\"itemListElement\":[{\"@type\":\"ListItem\",\"position\":1,\"name\":\"Home\",\"item\":\"https:\\\/\\\/maloneyserv.com\\\/es\\\/\"},{\"@type\":\"ListItem\",\"position\":2,\"name\":\"Historia de la Compa\u00f1\u00eda\"}]},{\"@type\":\"WebSite\",\"@id\":\"https:\\\/\\\/maloneyserv.com\\\/#website\",\"url\":\"https:\\\/\\\/maloneyserv.com\\\/\",\"name\":\"Maloney\",\"description\":\"\",\"potentialAction\":[{\"@type\":\"SearchAction\",\"target\":{\"@type\":\"EntryPoint\",\"urlTemplate\":\"https:\\\/\\\/maloneyserv.com\\\/?s={search_term_string}\"},\"query-input\":{\"@type\":\"PropertyValueSpecification\",\"valueRequired\":true,\"valueName\":\"search_term_string\"}}],\"inLanguage\":\"es\"}]}<\/script>\n<!-- \/ Yoast SEO plugin. -->","yoast_head_json":{"title":"Historia de la Compa\u00f1\u00eda - Maloney","robots":{"index":"index","follow":"follow","max-snippet":"max-snippet:-1","max-image-preview":"max-image-preview:large","max-video-preview":"max-video-preview:-1"},"canonical":"https:\/\/maloneyserv.com\/es\/company-history\/","og_locale":"es_ES","og_type":"article","og_title":"Historia de la Compa\u00f1\u00eda - Maloney","og_url":"https:\/\/maloneyserv.com\/es\/company-history\/","og_site_name":"Maloney","article_modified_time":"2017-02-03T05:17:57+00:00","og_image":[{"width":1600,"height":650,"url":"https:\/\/maloneyserv.com\/wp-content\/uploads\/2016\/12\/bakgroundgrainsilo.jpg","type":"image\/jpeg"}],"twitter_card":"summary_large_image","schema":{"@context":"https:\/\/schema.org","@graph":[{"@type":"WebPage","@id":"https:\/\/maloneyserv.com\/es\/company-history\/","url":"https:\/\/maloneyserv.com\/es\/company-history\/","name":"Historia de la Compa\u00f1\u00eda - Maloney","isPartOf":{"@id":"https:\/\/maloneyserv.com\/#website"},"primaryImageOfPage":{"@id":"https:\/\/maloneyserv.com\/es\/company-history\/#primaryimage"},"image":{"@id":"https:\/\/maloneyserv.com\/es\/company-history\/#primaryimage"},"thumbnailUrl":"https:\/\/maloneyserv.com\/wp-content\/uploads\/2016\/12\/bakgroundgrainsilo.jpg","datePublished":"2016-12-27T06:46:04+00:00","dateModified":"2017-02-03T05:17:57+00:00","breadcrumb":{"@id":"https:\/\/maloneyserv.com\/es\/company-history\/#breadcrumb"},"inLanguage":"es","potentialAction":[{"@type":"ReadAction","target":["https:\/\/maloneyserv.com\/es\/company-history\/"]}]},{"@type":"ImageObject","inLanguage":"es","@id":"https:\/\/maloneyserv.com\/es\/company-history\/#primaryimage","url":"https:\/\/maloneyserv.com\/wp-content\/uploads\/2016\/12\/bakgroundgrainsilo.jpg","contentUrl":"https:\/\/maloneyserv.com\/wp-content\/uploads\/2016\/12\/bakgroundgrainsilo.jpg","width":1600,"height":650},{"@type":"BreadcrumbList","@id":"https:\/\/maloneyserv.com\/es\/company-history\/#breadcrumb","itemListElement":[{"@type":"ListItem","position":1,"name":"Home","item":"https:\/\/maloneyserv.com\/es\/"},{"@type":"ListItem","position":2,"name":"Historia de la Compa\u00f1\u00eda"}]},{"@type":"WebSite","@id":"https:\/\/maloneyserv.com\/#website","url":"https:\/\/maloneyserv.com\/","name":"Maloney","description":"","potentialAction":[{"@type":"SearchAction","target":{"@type":"EntryPoint","urlTemplate":"https:\/\/maloneyserv.com\/?s={search_term_string}"},"query-input":{"@type":"PropertyValueSpecification","valueRequired":true,"valueName":"search_term_string"}}],"inLanguage":"es"}]}},"jetpack_sharing_enabled":true,"jetpack_shortlink":"https:\/\/wp.me\/P8frSQ-7K","_links":{"self":[{"href":"https:\/\/maloneyserv.com\/es\/wp-json\/wp\/v2\/pages\/480","targetHints":{"allow":["GET"]}}],"collection":[{"href":"https:\/\/maloneyserv.com\/es\/wp-json\/wp\/v2\/pages"}],"about":[{"href":"https:\/\/maloneyserv.com\/es\/wp-json\/wp\/v2\/types\/page"}],"author":[{"embeddable":true,"href":"https:\/\/maloneyserv.com\/es\/wp-json\/wp\/v2\/users\/1"}],"replies":[{"embeddable":true,"href":"https:\/\/maloneyserv.com\/es\/wp-json\/wp\/v2\/comments?post=480"}],"version-history":[{"count":5,"href":"https:\/\/maloneyserv.com\/es\/wp-json\/wp\/v2\/pages\/480\/revisions"}],"predecessor-version":[{"id":548,"href":"https:\/\/maloneyserv.com\/es\/wp-json\/wp\/v2\/pages\/480\/revisions\/548"}],"wp:featuredmedia":[{"embeddable":true,"href":"https:\/\/maloneyserv.com\/es\/wp-json\/wp\/v2\/media\/255"}],"wp:attachment":[{"href":"https:\/\/maloneyserv.com\/es\/wp-json\/wp\/v2\/media?parent=480"}],"curies":[{"name":"wp","href":"https:\/\/api.w.org\/{rel}","templated":true}]}}