{"id":476,"date":"2017-01-31T09:55:45","date_gmt":"2017-01-31T09:55:45","guid":{"rendered":"https:\/\/maloneyserv.com\/?page_id=476\/"},"modified":"2017-02-01T10:24:22","modified_gmt":"2017-02-01T10:24:22","slug":"clients-served","status":"publish","type":"page","link":"https:\/\/maloneyserv.com\/es\/clients-served\/","title":{"rendered":"Clientes"},"content":{"rendered":"<p>Maloney Commodity Services provee servicios de supervisi\u00f3n de carga, inspecci\u00f3n, auditor\u00eda, y certificaci\u00f3n a un amplio espectro de clientes que abarcan toda la cadena de suministro desde productores a recibidores finales e intermediarios como casas de compra, fletadores de barcos, refiner\u00edas, bancos involucrados en el financiamiento de mercanc\u00edas, y almacenadores, entre otros.<\/p>\n<div class=\"graphic_img_wrap\"><img decoding=\"async\" src=\"\/wp-content\/uploads\/2016\/12\/ClientsGraphic2017-1.png\" alt=\"Maloney Clients Served\" \/><\/div>\n","protected":false},"excerpt":{"rendered":"<p>Maloney Commodity Services provee servicios de supervisi\u00f3n de carga, inspecci\u00f3n, auditor\u00eda, y certificaci\u00f3n a un amplio espectro de clientes que abarcan toda la cadena de suministro desde productores a recibidores finales e intermediarios como casas de compra, fletadores de barcos, refiner\u00edas, bancos involucrados en el financiamiento de mercanc\u00edas, y almacenadores,&#8230;<\/p>\n","protected":false},"author":1,"featured_media":403,"parent":0,"menu_order":0,"comment_status":"closed","ping_status":"closed","template":"","meta":{"jetpack_post_was_ever_published":false,"footnotes":""},"class_list":["post-476","page","type-page","status-publish","has-post-thumbnail","hentry","entry"],"yoast_head":"<!-- This site is optimized with the Yoast SEO plugin v27.5 - https:\/\/yoast.com\/product\/yoast-seo-wordpress\/ -->\n<title>Clientes - Maloney<\/title>\n<meta name=\"robots\" content=\"index, follow, max-snippet:-1, max-image-preview:large, max-video-preview:-1\" \/>\n<link rel=\"canonical\" href=\"https:\/\/maloneyserv.com\/es\/clients-served\/\" \/>\n<meta property=\"og:locale\" content=\"es_ES\" \/>\n<meta property=\"og:type\" content=\"article\" \/>\n<meta property=\"og:title\" content=\"Clientes - Maloney\" \/>\n<meta property=\"og:description\" content=\"Maloney Commodity Services provee servicios de supervisi\u00f3n de carga, inspecci\u00f3n, auditor\u00eda, y certificaci\u00f3n a un amplio espectro de clientes que abarcan toda la cadena de suministro desde productores a recibidores finales e intermediarios como casas de compra, fletadores de barcos, refiner\u00edas, bancos involucrados en el financiamiento de mercanc\u00edas, y almacenadores,...\" \/>\n<meta property=\"og:url\" content=\"https:\/\/maloneyserv.com\/es\/clients-served\/\" \/>\n<meta property=\"og:site_name\" content=\"Maloney\" \/>\n<meta property=\"article:modified_time\" content=\"2017-02-01T10:24:22+00:00\" \/>\n<meta property=\"og:image\" content=\"https:\/\/maloneyserv.com\/wp-content\/uploads\/2016\/12\/backgroundclients.jpg\" \/>\n\t<meta property=\"og:image:width\" content=\"1500\" \/>\n\t<meta property=\"og:image:height\" content=\"602\" \/>\n\t<meta property=\"og:image:type\" content=\"image\/jpeg\" \/>\n<meta name=\"twitter:card\" content=\"summary_large_image\" \/>\n<script type=\"application\/ld+json\" class=\"yoast-schema-graph\">{\"@context\":\"https:\\\/\\\/schema.org\",\"@graph\":[{\"@type\":\"WebPage\",\"@id\":\"https:\\\/\\\/maloneyserv.com\\\/es\\\/clients-served\\\/\",\"url\":\"https:\\\/\\\/maloneyserv.com\\\/es\\\/clients-served\\\/\",\"name\":\"Clientes - Maloney\",\"isPartOf\":{\"@id\":\"https:\\\/\\\/maloneyserv.com\\\/#website\"},\"primaryImageOfPage\":{\"@id\":\"https:\\\/\\\/maloneyserv.com\\\/es\\\/clients-served\\\/#primaryimage\"},\"image\":{\"@id\":\"https:\\\/\\\/maloneyserv.com\\\/es\\\/clients-served\\\/#primaryimage\"},\"thumbnailUrl\":\"https:\\\/\\\/maloneyserv.com\\\/wp-content\\\/uploads\\\/2016\\\/12\\\/backgroundclients.jpg\",\"datePublished\":\"2017-01-31T09:55:45+00:00\",\"dateModified\":\"2017-02-01T10:24:22+00:00\",\"breadcrumb\":{\"@id\":\"https:\\\/\\\/maloneyserv.com\\\/es\\\/clients-served\\\/#breadcrumb\"},\"inLanguage\":\"es\",\"potentialAction\":[{\"@type\":\"ReadAction\",\"target\":[\"https:\\\/\\\/maloneyserv.com\\\/es\\\/clients-served\\\/\"]}]},{\"@type\":\"ImageObject\",\"inLanguage\":\"es\",\"@id\":\"https:\\\/\\\/maloneyserv.com\\\/es\\\/clients-served\\\/#primaryimage\",\"url\":\"https:\\\/\\\/maloneyserv.com\\\/wp-content\\\/uploads\\\/2016\\\/12\\\/backgroundclients.jpg\",\"contentUrl\":\"https:\\\/\\\/maloneyserv.com\\\/wp-content\\\/uploads\\\/2016\\\/12\\\/backgroundclients.jpg\",\"width\":1500,\"height\":602},{\"@type\":\"BreadcrumbList\",\"@id\":\"https:\\\/\\\/maloneyserv.com\\\/es\\\/clients-served\\\/#breadcrumb\",\"itemListElement\":[{\"@type\":\"ListItem\",\"position\":1,\"name\":\"Home\",\"item\":\"https:\\\/\\\/maloneyserv.com\\\/es\\\/\"},{\"@type\":\"ListItem\",\"position\":2,\"name\":\"Clientes\"}]},{\"@type\":\"WebSite\",\"@id\":\"https:\\\/\\\/maloneyserv.com\\\/#website\",\"url\":\"https:\\\/\\\/maloneyserv.com\\\/\",\"name\":\"Maloney\",\"description\":\"\",\"potentialAction\":[{\"@type\":\"SearchAction\",\"target\":{\"@type\":\"EntryPoint\",\"urlTemplate\":\"https:\\\/\\\/maloneyserv.com\\\/?s={search_term_string}\"},\"query-input\":{\"@type\":\"PropertyValueSpecification\",\"valueRequired\":true,\"valueName\":\"search_term_string\"}}],\"inLanguage\":\"es\"}]}<\/script>\n<!-- \/ Yoast SEO plugin. -->","yoast_head_json":{"title":"Clientes - Maloney","robots":{"index":"index","follow":"follow","max-snippet":"max-snippet:-1","max-image-preview":"max-image-preview:large","max-video-preview":"max-video-preview:-1"},"canonical":"https:\/\/maloneyserv.com\/es\/clients-served\/","og_locale":"es_ES","og_type":"article","og_title":"Clientes - Maloney","og_description":"Maloney Commodity Services provee servicios de supervisi\u00f3n de carga, inspecci\u00f3n, auditor\u00eda, y certificaci\u00f3n a un amplio espectro de clientes que abarcan toda la cadena de suministro desde productores a recibidores finales e intermediarios como casas de compra, fletadores de barcos, refiner\u00edas, bancos involucrados en el financiamiento de mercanc\u00edas, y almacenadores,...","og_url":"https:\/\/maloneyserv.com\/es\/clients-served\/","og_site_name":"Maloney","article_modified_time":"2017-02-01T10:24:22+00:00","og_image":[{"width":1500,"height":602,"url":"https:\/\/maloneyserv.com\/wp-content\/uploads\/2016\/12\/backgroundclients.jpg","type":"image\/jpeg"}],"twitter_card":"summary_large_image","schema":{"@context":"https:\/\/schema.org","@graph":[{"@type":"WebPage","@id":"https:\/\/maloneyserv.com\/es\/clients-served\/","url":"https:\/\/maloneyserv.com\/es\/clients-served\/","name":"Clientes - Maloney","isPartOf":{"@id":"https:\/\/maloneyserv.com\/#website"},"primaryImageOfPage":{"@id":"https:\/\/maloneyserv.com\/es\/clients-served\/#primaryimage"},"image":{"@id":"https:\/\/maloneyserv.com\/es\/clients-served\/#primaryimage"},"thumbnailUrl":"https:\/\/maloneyserv.com\/wp-content\/uploads\/2016\/12\/backgroundclients.jpg","datePublished":"2017-01-31T09:55:45+00:00","dateModified":"2017-02-01T10:24:22+00:00","breadcrumb":{"@id":"https:\/\/maloneyserv.com\/es\/clients-served\/#breadcrumb"},"inLanguage":"es","potentialAction":[{"@type":"ReadAction","target":["https:\/\/maloneyserv.com\/es\/clients-served\/"]}]},{"@type":"ImageObject","inLanguage":"es","@id":"https:\/\/maloneyserv.com\/es\/clients-served\/#primaryimage","url":"https:\/\/maloneyserv.com\/wp-content\/uploads\/2016\/12\/backgroundclients.jpg","contentUrl":"https:\/\/maloneyserv.com\/wp-content\/uploads\/2016\/12\/backgroundclients.jpg","width":1500,"height":602},{"@type":"BreadcrumbList","@id":"https:\/\/maloneyserv.com\/es\/clients-served\/#breadcrumb","itemListElement":[{"@type":"ListItem","position":1,"name":"Home","item":"https:\/\/maloneyserv.com\/es\/"},{"@type":"ListItem","position":2,"name":"Clientes"}]},{"@type":"WebSite","@id":"https:\/\/maloneyserv.com\/#website","url":"https:\/\/maloneyserv.com\/","name":"Maloney","description":"","potentialAction":[{"@type":"SearchAction","target":{"@type":"EntryPoint","urlTemplate":"https:\/\/maloneyserv.com\/?s={search_term_string}"},"query-input":{"@type":"PropertyValueSpecification","valueRequired":true,"valueName":"search_term_string"}}],"inLanguage":"es"}]}},"jetpack_sharing_enabled":true,"jetpack_shortlink":"https:\/\/wp.me\/P8frSQ-7G","_links":{"self":[{"href":"https:\/\/maloneyserv.com\/es\/wp-json\/wp\/v2\/pages\/476","targetHints":{"allow":["GET"]}}],"collection":[{"href":"https:\/\/maloneyserv.com\/es\/wp-json\/wp\/v2\/pages"}],"about":[{"href":"https:\/\/maloneyserv.com\/es\/wp-json\/wp\/v2\/types\/page"}],"author":[{"embeddable":true,"href":"https:\/\/maloneyserv.com\/es\/wp-json\/wp\/v2\/users\/1"}],"replies":[{"embeddable":true,"href":"https:\/\/maloneyserv.com\/es\/wp-json\/wp\/v2\/comments?post=476"}],"version-history":[{"count":2,"href":"https:\/\/maloneyserv.com\/es\/wp-json\/wp\/v2\/pages\/476\/revisions"}],"predecessor-version":[{"id":525,"href":"https:\/\/maloneyserv.com\/es\/wp-json\/wp\/v2\/pages\/476\/revisions\/525"}],"wp:featuredmedia":[{"embeddable":true,"href":"https:\/\/maloneyserv.com\/es\/wp-json\/wp\/v2\/media\/403"}],"wp:attachment":[{"href":"https:\/\/maloneyserv.com\/es\/wp-json\/wp\/v2\/media?parent=476"}],"curies":[{"name":"wp","href":"https:\/\/api.w.org\/{rel}","templated":true}]}}